{"id":958,"date":"2011-03-08T16:18:24","date_gmt":"2011-03-08T14:18:24","guid":{"rendered":"http:\/\/infron.com.tr\/?page_id=4"},"modified":"2023-10-20T22:30:08","modified_gmt":"2023-10-20T19:30:08","slug":"iletisim","status":"publish","type":"page","link":"https:\/\/infron.com.tr\/en\/iletisim\/","title":{"rendered":"Contact"},"content":{"rendered":"<p><hdr1>Contact<\/hdr1><\/p>\n\n\n\n<p><strong>Address:<\/strong><br>\u0130nfron Teknolojik Sistemler San. Ve Tic. Ltd. \u015eti.<br>Ba\u011flar Mah. Osman Pa\u015fa Cad. No:68\/B<br>PK:34209&nbsp; G\u00fcne\u015fli, Ba\u011fc\u0131lar, \u0130stanbul<\/p>\n\n\n\n<p><strong>Phone:<\/strong><br>+90 212 657 1004<br>+90 532 314 5812<br><strong>Fax:<\/strong><br>+90 212 657 1002<br><strong>E-mail:<\/strong><br>infron@infron.com.tr<\/p>\n\n\n\n<p>You can communicate&nbsp;your requests and opinion using the form below&nbsp;<\/p>\n\n\n\n<p><\/p>\n\n\n<div class=\"wpforms-container wpforms-container-full wpforms-block wpforms-block-d15f6593-c1ec-45bd-b818-06350d767599 wpforms-render-modern\" id=\"wpforms-1664\"><form id=\"wpforms-form-1664\" class=\"wpforms-validate wpforms-form wpforms-ajax-form\" data-formid=\"1664\" method=\"post\" enctype=\"multipart\/form-data\" action=\"\/en\/wp-json\/wp\/v2\/pages\/958\" data-token=\"ea3b4900d47188f15d8a8f3bef8e6564\" data-token-time=\"1777464456\"><noscript class=\"wpforms-error-noscript\">Please enable JavaScript in your browser to complete this form.<\/noscript><div id=\"wpforms-error-noscript\" style=\"display: none;\">Please enable JavaScript in your browser to complete this form.<\/div><div class=\"wpforms-field-container\"><div id=\"wpforms-1664-field_0-container\" class=\"wpforms-field wpforms-field-name\" data-field-id=\"0\"><label class=\"wpforms-field-label\" for=\"wpforms-1664-field_0\">Name <span class=\"wpforms-required-label\" aria-hidden=\"true\">*<\/span><\/label><input type=\"text\" id=\"wpforms-1664-field_0\" class=\"wpforms-field-medium wpforms-field-required\" name=\"wpforms[fields][0]\" aria-errormessage=\"wpforms-1664-field_0-error\" required><\/div><div id=\"wpforms-1664-field_1-container\" class=\"wpforms-field wpforms-field-email\" data-field-id=\"1\"><label class=\"wpforms-field-label\" for=\"wpforms-1664-field_1\">E-mail <span class=\"wpforms-required-label\" aria-hidden=\"true\">*<\/span><\/label><input type=\"email\" id=\"wpforms-1664-field_1\" class=\"wpforms-field-medium wpforms-field-required\" name=\"wpforms[fields][1]\" spellcheck=\"false\" aria-errormessage=\"wpforms-1664-field_1-error\" required><\/div><div id=\"wpforms-1664-field_2-container\" class=\"wpforms-field wpforms-field-textarea\" data-field-id=\"2\"><label class=\"wpforms-field-label\" for=\"wpforms-1664-field_2\">Message<\/label><textarea id=\"wpforms-1664-field_2\" class=\"wpforms-field-medium\" name=\"wpforms[fields][2]\" aria-errormessage=\"wpforms-1664-field_2-error\" ><\/textarea><\/div><\/div><!-- .wpforms-field-container --><div class=\"wpforms-submit-container\" ><input type=\"hidden\" name=\"wpforms[id]\" value=\"1664\"><input type=\"hidden\" name=\"page_title\" value=\"\"><input type=\"hidden\" name=\"page_url\" value=\"https:\/\/infron.com.tr\/en\/wp-json\/wp\/v2\/pages\/958\"><input type=\"hidden\" name=\"url_referer\" value=\"\"><button type=\"submit\" name=\"wpforms[submit]\" id=\"wpforms-submit-1664\" class=\"wpforms-submit\" data-alt-text=\"Sending..\" data-submit-text=\"Send\" aria-live=\"assertive\" value=\"wpforms-submit\">Send<\/button><img loading=\"lazy\" decoding=\"async\" src=\"https:\/\/infron.com.tr\/wp-content\/plugins\/wpforms-lite\/assets\/images\/submit-spin.svg\" class=\"wpforms-submit-spinner\" style=\"display: none;\" width=\"26\" height=\"26\" alt=\"Loading\"><\/div><\/form><\/div>  <!-- .wpforms-container -->\n\n\n<p><\/p>\n\n\n\n<p><\/p>\n\n\n\n<p><\/p>","protected":false},"excerpt":{"rendered":"<p>Contact Address:\u0130nfron Teknolojik Sistemler San. Ve Tic. Ltd. \u015eti.Ba\u011flar Mah. Osman Pa\u015fa Cad. No:68\/BPK:34209&nbsp; G\u00fcne\u015fli, Ba\u011fc\u0131lar, \u0130stanbul Phone:+90 212 657 1004+90 532 314 5812Fax:+90 212 657 1002E-mail:infron@infron.com.tr You can communicate&nbsp;your requests and opinion using the form below&nbsp;<\/p>\n","protected":false},"author":1,"featured_media":0,"parent":0,"menu_order":5,"comment_status":"closed","ping_status":"closed","template":"template-page-fullwidth.php","meta":{"_monsterinsights_skip_tracking":false,"_monsterinsights_sitenote_active":false,"_monsterinsights_sitenote_note":"","_monsterinsights_sitenote_category":0,"footnotes":""},"class_list":["post-958","page","type-page","status-publish","hentry"],"_links":{"self":[{"href":"https:\/\/infron.com.tr\/en\/wp-json\/wp\/v2\/pages\/958","targetHints":{"allow":["GET"]}}],"collection":[{"href":"https:\/\/infron.com.tr\/en\/wp-json\/wp\/v2\/pages"}],"about":[{"href":"https:\/\/infron.com.tr\/en\/wp-json\/wp\/v2\/types\/page"}],"author":[{"embeddable":true,"href":"https:\/\/infron.com.tr\/en\/wp-json\/wp\/v2\/users\/1"}],"replies":[{"embeddable":true,"href":"https:\/\/infron.com.tr\/en\/wp-json\/wp\/v2\/comments?post=958"}],"version-history":[{"count":48,"href":"https:\/\/infron.com.tr\/en\/wp-json\/wp\/v2\/pages\/958\/revisions"}],"predecessor-version":[{"id":1705,"href":"https:\/\/infron.com.tr\/en\/wp-json\/wp\/v2\/pages\/958\/revisions\/1705"}],"wp:attachment":[{"href":"https:\/\/infron.com.tr\/en\/wp-json\/wp\/v2\/media?parent=958"}],"curies":[{"name":"wp","href":"https:\/\/api.w.org\/{rel}","templated":true}]}}